{"id":34,"date":"2016-10-10T22:33:50","date_gmt":"2016-10-10T19:33:50","guid":{"rendered":"http:\/\/vpinterjeras.lt\/?page_id=34"},"modified":"2023-01-11T16:10:57","modified_gmt":"2023-01-11T13:10:57","slug":"apie","status":"publish","type":"page","link":"https:\/\/vpinterjeras.lt\/en\/","title":{"rendered":"About"},"content":{"rendered":"<p style=\"text-align: left;\">Interjero projektavimo studija \u201eV&amp;P Design\u201c yra profesionali\u0173 interjero dizaineri\u0173 komanda, kuri pad\u0117s jums sukurti labiausiai tinkant\u012f ir patinkant\u012f interjer\u0105, kas i\u0161 tikr\u0173j\u0173 d\u017eiugins j\u016bs\u0173 \u0161ird\u012f ir akis.<\/p>\n<p style=\"text-align: left;\">M\u016bs\u0173 projektavimo procesas visada prasideda nuo pa\u017einties su \u0161eimininkais \u2013 turime daugiau su\u017einoti apie J\u016bs\u0173 gyvenimo b\u016bd\u0105, po\u017ei\u016brius, pom\u0117gius, \u0161eimos narius. Atvyk\u0119 \u012f viet\u0105 \u012fsivertiname erdv\u0117s galimybes, j\u016bs\u0173 poreikius ir pateikiame kain\u0173 pasi\u016blymus.<\/p>\n<p style=\"text-align: left;\">Dirbame visoje Lietuvoje bei u\u017esienio \u0161alyse.<\/p>\n<p style=\"text-align: left;\">Si\u016blome tris interjero projektavimo paslaug\u0173 variantus, kurie skiriasi pagal atliekam\u0173 darb\u0173 apimt\u012f bei kain\u0105:<\/p>\n","protected":false},"excerpt":{"rendered":"<p>Interjero projektavimo studija \u201eV&amp;P Design\u201c yra profesionali\u0173 interjero dizaineri\u0173 komanda, kuri pad\u0117s jums sukurti labiausiai tinkant\u012f ir patinkant\u012f interjer\u0105, kas i\u0161 tikr\u0173j\u0173 d\u017eiugins j\u016bs\u0173 \u0161ird\u012f ir akis. M\u016bs\u0173 projektavimo procesas visada prasideda nuo pa\u017einties su \u0161eimininkais \u2013 turime daugiau su\u017einoti apie J\u016bs\u0173 gyvenimo b\u016bd\u0105, po\u017ei\u016brius, pom\u0117gius, \u0161eimos narius. Atvyk\u0119 \u012f viet\u0105 \u012fsivertiname erdv\u0117s galimybes, j\u016bs\u0173 [&hellip;]<\/p>\n","protected":false},"author":1,"featured_media":0,"parent":0,"menu_order":0,"comment_status":"closed","ping_status":"closed","template":"","meta":{"jetpack_post_was_ever_published":false},"translation":{"provider":"WPGlobus","version":"2.10.7","language":"en","enabled_languages":["lt","en"],"languages":{"lt":{"title":true,"content":true,"excerpt":false},"en":{"title":true,"content":false,"excerpt":false}}},"acf":[],"jetpack_sharing_enabled":true,"jetpack_shortlink":"https:\/\/wp.me\/P8snH0-y","_links":{"self":[{"href":"https:\/\/vpinterjeras.lt\/en\/wp-json\/wp\/v2\/pages\/34"}],"collection":[{"href":"https:\/\/vpinterjeras.lt\/en\/wp-json\/wp\/v2\/pages"}],"about":[{"href":"https:\/\/vpinterjeras.lt\/en\/wp-json\/wp\/v2\/types\/page"}],"author":[{"embeddable":true,"href":"https:\/\/vpinterjeras.lt\/en\/wp-json\/wp\/v2\/users\/1"}],"replies":[{"embeddable":true,"href":"https:\/\/vpinterjeras.lt\/en\/wp-json\/wp\/v2\/comments?post=34"}],"version-history":[{"count":49,"href":"https:\/\/vpinterjeras.lt\/en\/wp-json\/wp\/v2\/pages\/34\/revisions"}],"predecessor-version":[{"id":1416,"href":"https:\/\/vpinterjeras.lt\/en\/wp-json\/wp\/v2\/pages\/34\/revisions\/1416"}],"wp:attachment":[{"href":"https:\/\/vpinterjeras.lt\/en\/wp-json\/wp\/v2\/media?parent=34"}],"curies":[{"name":"wp","href":"https:\/\/api.w.org\/{rel}","templated":true}]}}